{"id":294,"date":"2012-12-14T21:48:50","date_gmt":"2012-12-14T19:48:50","guid":{"rendered":"http:\/\/pksherrfrisering.se\/?page_id=294"},"modified":"2026-01-13T08:18:22","modified_gmt":"2026-01-13T06:18:22","slug":"priser","status":"publish","type":"page","link":"https:\/\/pksherrfrisering.se\/?page_id=294","title":{"rendered":"Priser"},"content":{"rendered":"<p style=\"text-align: left;\">Klippning kort h\u00e5r: 370-400<\/p>\n<p>Klippning l\u00e5ngt h\u00e5r: fr\u00e5n 400<\/p>\n<p>Klippning+sk\u00e4gg: 500-700<\/p>\n<p>Endast skulpterat sk\u00e4gg: 350-400<\/p>\n<p>H\u00e5rtv\u00e4tt \u00a0samtidigt som klippning: 100<\/p>\n<p>Maskin \u00f6ver hela huvudet: 150-300<\/p>\n","protected":false},"excerpt":{"rendered":"<p>Klippning kort h\u00e5r: 370-400 Klippning l\u00e5ngt h\u00e5r: fr\u00e5n 400 Klippning+sk\u00e4gg: 500-700 Endast skulpterat sk\u00e4gg: 350-400 H\u00e5rtv\u00e4tt \u00a0samtidigt som klippning: 100 Maskin \u00f6ver hela huvudet: 150-300<\/p>\n","protected":false},"author":2,"featured_media":0,"parent":0,"menu_order":0,"comment_status":"open","ping_status":"open","template":"","meta":{"footnotes":""},"class_list":["post-294","page","type-page","status-publish","hentry"],"_links":{"self":[{"href":"https:\/\/pksherrfrisering.se\/index.php?rest_route=\/wp\/v2\/pages\/294","targetHints":{"allow":["GET"]}}],"collection":[{"href":"https:\/\/pksherrfrisering.se\/index.php?rest_route=\/wp\/v2\/pages"}],"about":[{"href":"https:\/\/pksherrfrisering.se\/index.php?rest_route=\/wp\/v2\/types\/page"}],"author":[{"embeddable":true,"href":"https:\/\/pksherrfrisering.se\/index.php?rest_route=\/wp\/v2\/users\/2"}],"replies":[{"embeddable":true,"href":"https:\/\/pksherrfrisering.se\/index.php?rest_route=%2Fwp%2Fv2%2Fcomments&post=294"}],"version-history":[{"count":0,"href":"https:\/\/pksherrfrisering.se\/index.php?rest_route=\/wp\/v2\/pages\/294\/revisions"}],"wp:attachment":[{"href":"https:\/\/pksherrfrisering.se\/index.php?rest_route=%2Fwp%2Fv2%2Fmedia&parent=294"}],"curies":[{"name":"wp","href":"https:\/\/api.w.org\/{rel}","templated":true}]}}