{"id":18,"date":"2010-05-16T10:42:33","date_gmt":"2010-05-16T08:42:33","guid":{"rendered":"http:\/\/pksherrfrisering.se\/?page_id=18"},"modified":"2017-01-02T20:27:14","modified_gmt":"2017-01-02T18:27:14","slug":"historik","status":"publish","type":"page","link":"https:\/\/pksherrfrisering.se\/?page_id=18","title":{"rendered":"Historik"},"content":{"rendered":"<p>Det har varit herrfrisering i v\u00e5r lokal sedan 1939 d\u00e5 huset byggdes. David Sondered drev verksamheten fr\u00e5n 1939 till 1968 d\u00e5 Kennet Eriksson ( min far) och Lennart Lundgren tog \u00f6ver. De drev Eriksson och Lundgrens herrfrisering tillsammans till 1988 , Lennart slutade och jag fick m\u00f6jligheten att \u00a0g\u00f6ra min praktik d\u00e4r. Mellan 1988-1996 hette salongen Kennet Eriksson frisersalong AB, 1996 n\u00e4r jag gick in som del\u00e4gare \u00e4ndrades namnet till PK\u00b4s Herrfrisering. Nu \u00e4r det jag, Paul Nordholm, som ensam sk\u00f6ter verksamheten.<\/p>\n","protected":false},"excerpt":{"rendered":"<p>Det har varit herrfrisering i v\u00e5r lokal sedan 1939 d\u00e5 huset byggdes. David Sondered drev verksamheten fr\u00e5n 1939 till 1968 d\u00e5 Kennet Eriksson ( min far) och Lennart Lundgren tog \u00f6ver. De drev Eriksson och Lundgrens herrfrisering tillsammans till 1988 , Lennart slutade och jag fick m\u00f6jligheten att \u00a0g\u00f6ra min praktik d\u00e4r. Mellan 1988-1996 hette [&hellip;]<\/p>\n","protected":false},"author":1,"featured_media":0,"parent":0,"menu_order":0,"comment_status":"open","ping_status":"open","template":"","meta":{"footnotes":""},"class_list":["post-18","page","type-page","status-publish","hentry"],"_links":{"self":[{"href":"https:\/\/pksherrfrisering.se\/index.php?rest_route=\/wp\/v2\/pages\/18","targetHints":{"allow":["GET"]}}],"collection":[{"href":"https:\/\/pksherrfrisering.se\/index.php?rest_route=\/wp\/v2\/pages"}],"about":[{"href":"https:\/\/pksherrfrisering.se\/index.php?rest_route=\/wp\/v2\/types\/page"}],"author":[{"embeddable":true,"href":"https:\/\/pksherrfrisering.se\/index.php?rest_route=\/wp\/v2\/users\/1"}],"replies":[{"embeddable":true,"href":"https:\/\/pksherrfrisering.se\/index.php?rest_route=%2Fwp%2Fv2%2Fcomments&post=18"}],"version-history":[{"count":0,"href":"https:\/\/pksherrfrisering.se\/index.php?rest_route=\/wp\/v2\/pages\/18\/revisions"}],"wp:attachment":[{"href":"https:\/\/pksherrfrisering.se\/index.php?rest_route=%2Fwp%2Fv2%2Fmedia&parent=18"}],"curies":[{"name":"wp","href":"https:\/\/api.w.org\/{rel}","templated":true}]}}